{"id":23,"date":"2015-10-20T10:17:40","date_gmt":"2015-10-20T10:17:40","guid":{"rendered":"http:\/\/www.midsummeropera.org.uk\/site\/?page_id=23"},"modified":"2024-02-12T18:05:00","modified_gmt":"2024-02-12T18:05:00","slug":"our-history","status":"publish","type":"page","link":"http:\/\/www.midsummeropera.org.uk\/site\/our-history\/","title":{"rendered":"OUR HISTORY"},"content":{"rendered":"<h2 class=\"style15\" align=\"right\">Midsummer Opera<br \/>&#8211; past, present and future<\/h2>\n<div align=\"justify\">Founded in 1985 memorably in an Ealing garden, Midsummer Opera&#8217;s repertoire has since grown to encompass baroque and classical as well as romantic and modern opera.\u00a0 The company has toured throughout the UK (including the Brighton, Holland Park and Edinburgh Festivals) and on the Continent (Tours, Halle, Luxembourg) and has visited the Bermuda Festival three times.<\/div>\n<div align=\"justify\">\u00a0<\/div>\n<div align=\"justify\">Since 2000 the company has been under the sole artistic control of David Roblou.\u00a0 The relaunch was marked by a performance in St John&#8217;s Smith Square of Rossini&#8217;s revolutionary <em>La donna del lago<\/em> (based on the Walter Scott poem <em>T<\/em><em>he Lady of the Lake<\/em>).<\/div>\n<div align=\"justify\">\u00a0<\/div>\n<div align=\"justify\">\n<p>Highlights of that time included <em>The Marriage of Figaro<\/em> (sung in English, directed by John Upperton, designed by Roy Bell), <em>Dido and Aeneas<\/em> (first performed at the 2003 Spitalfields Festival), <em>Carmen<\/em>, <em>Werther<\/em>, and <em>Sorbet! Sorbet!<\/em> (world premi\u00e8re, music by Simon Milton and V\u00e9ronique Souberbielle) in Carnoules, Provence.<\/p>\n<p>2003 saw the launch of the Midsummer Opera Concert Series, developing a house style with non-operatic repertoire.\u00a0 Roy Bell set about creating the company&#8217;s full-size Symphony Orchestra, and John Upperton its Chorus.\u00a0 Then in 2007 the company returned to opera with concert performances of Puccini&#8217;s <em>Turandot<\/em> in St John&#8217;s Waterloo, our now regular venue, and in the Broadway Theatre, Catford, the first time opera had been performed in that Art Deco auditorium.<\/p>\n<p>In those first few years operas were presented in \u201cconcert performance plus\u201d: \u00a0loosely directed by John Upperton, singers made entrances and exits and then regrouped to suggest scenes, while touches of costume hinted at characterisation.\u00a0 Then in 2012 for <em>Fidelio<\/em> our soloists took the leap of memorising their roles, and with ever more staging to elevate performers and facilitate sight-lines, more ambitious semi-staging became possible. \u00a0Two years later, in <em>La clemenza di Tito<\/em>, the chorus for the first time also memorised their music so that now they too could be integrated into the action.\u00a0 With <em>Un ballo in maschera<\/em> in 2015 Lynne McAdam assumed direction and &#8211; with the exceptions of <em>H\u00e4nsel und Gretel<\/em> and <em>Dialogues des Carm\u00e9lites<\/em>, both directed by John Upperton &#8211; has overseen the staging of all subsequent shows.\u00a0<\/p>\n<p>As Artistic Director, David Roblou conducts, be it French, German, Italian or English repertory.\u00a0 Following a season of Czech opera with Smetana&#8217;s <em>The Bartered Bride<\/em> and Jan\u00e1\u010dek&#8217;s <em>Jen\u016ffa<\/em>, the Company performed Puccini&#8217;s lovely bitter-sweet <em>La rondine<\/em> in a setting memorably described in OPERA magazine as &#8220;Concert performance with attitude&#8221;.\u00a0 June 2024 will see two performances of Verdi&#8217;s <em>Don Carlo<\/em> in the version of 1884 for La Scala Milan.<\/p>\n<p>Dramatic use will as ever be made of the space and acoustic of St John&#8217;s Waterloo &#8211; which with its aisles, many spaces, separate chapels and balcony, is much more versatile than a conventional opera house &#8211; to tell the story through the music with thrilling immediacy.<\/p>\n<p><a href=\"http:\/\/www.midsummeropera.org.uk\/site\/past-performances\/\"><u>CLICK HERE<\/u><\/a> for a full list of Midsummer Opera&#8217;s performances.<\/p>\n<\/div>\n\n\n<figure class=\"wp-block-gallery has-nested-images columns-default is-cropped wp-block-gallery-1 is-layout-flex wp-block-gallery-is-layout-flex\">\n<figure class=\"wp-block-image size-large\"><img loading=\"lazy\" decoding=\"async\" width=\"1024\" height=\"683\" data-id=\"193\" src=\"http:\/\/www.midsummeropera.org.uk\/site\/wp-content\/uploads\/2019\/09\/macbeth-029-1024x683.jpg\" alt=\"\" class=\"wp-image-193\" srcset=\"http:\/\/www.midsummeropera.org.uk\/site\/wp-content\/uploads\/2019\/09\/macbeth-029-1024x683.jpg 1024w, http:\/\/www.midsummeropera.org.uk\/site\/wp-content\/uploads\/2019\/09\/macbeth-029-300x200.jpg 300w, http:\/\/www.midsummeropera.org.uk\/site\/wp-content\/uploads\/2019\/09\/macbeth-029-768x512.jpg 768w\" sizes=\"auto, (max-width: 1024px) 100vw, 1024px\" \/><\/figure>\n\n\n\n<figure class=\"wp-block-image size-large\"><img loading=\"lazy\" decoding=\"async\" width=\"1024\" height=\"682\" data-id=\"194\" src=\"http:\/\/www.midsummeropera.org.uk\/site\/wp-content\/uploads\/2019\/09\/macbeth-100-1024x682.jpg\" alt=\"\" class=\"wp-image-194\" srcset=\"http:\/\/www.midsummeropera.org.uk\/site\/wp-content\/uploads\/2019\/09\/macbeth-100-1024x682.jpg 1024w, http:\/\/www.midsummeropera.org.uk\/site\/wp-content\/uploads\/2019\/09\/macbeth-100-300x200.jpg 300w, http:\/\/www.midsummeropera.org.uk\/site\/wp-content\/uploads\/2019\/09\/macbeth-100-768x512.jpg 768w, http:\/\/www.midsummeropera.org.uk\/site\/wp-content\/uploads\/2019\/09\/macbeth-100.jpg 1732w\" sizes=\"auto, (max-width: 1024px) 100vw, 1024px\" \/><\/figure>\n\n\n\n<figure class=\"wp-block-image size-large\"><img loading=\"lazy\" decoding=\"async\" width=\"1024\" height=\"682\" data-id=\"189\" src=\"http:\/\/www.midsummeropera.org.uk\/site\/wp-content\/uploads\/2019\/09\/l-miller-midsummer-032-1024x682.jpg\" alt=\"\" class=\"wp-image-189\" srcset=\"http:\/\/www.midsummeropera.org.uk\/site\/wp-content\/uploads\/2019\/09\/l-miller-midsummer-032-1024x682.jpg 1024w, http:\/\/www.midsummeropera.org.uk\/site\/wp-content\/uploads\/2019\/09\/l-miller-midsummer-032-300x200.jpg 300w, http:\/\/www.midsummeropera.org.uk\/site\/wp-content\/uploads\/2019\/09\/l-miller-midsummer-032-768x512.jpg 768w, http:\/\/www.midsummeropera.org.uk\/site\/wp-content\/uploads\/2019\/09\/l-miller-midsummer-032.jpg 1732w\" sizes=\"auto, (max-width: 1024px) 100vw, 1024px\" \/><\/figure>\n<\/figure>\n","protected":false},"excerpt":{"rendered":"<p>Midsummer Opera&#8211; past, present and future Founded in 1985 memorably in an Ealing garden, Midsummer Opera&#8217;s repertoire has since grown to encompass baroque and classical as well as romantic and modern opera.\u00a0 The company has toured throughout the UK (including the Brighton, Holland Park and Edinburgh Festivals) and on the Continent (Tours, Halle, Luxembourg) and &#8230; <a title=\"OUR HISTORY\" class=\"read-more\" href=\"http:\/\/www.midsummeropera.org.uk\/site\/our-history\/\" aria-label=\"More on OUR HISTORY\">Read more<\/a><\/p>\n","protected":false},"author":1,"featured_media":0,"parent":0,"menu_order":0,"comment_status":"closed","ping_status":"closed","template":"","meta":{"generate_page_header":"","footnotes":""},"class_list":["post-23","page","type-page","status-publish"],"_links":{"self":[{"href":"http:\/\/www.midsummeropera.org.uk\/site\/wp-json\/wp\/v2\/pages\/23","targetHints":{"allow":["GET"]}}],"collection":[{"href":"http:\/\/www.midsummeropera.org.uk\/site\/wp-json\/wp\/v2\/pages"}],"about":[{"href":"http:\/\/www.midsummeropera.org.uk\/site\/wp-json\/wp\/v2\/types\/page"}],"author":[{"embeddable":true,"href":"http:\/\/www.midsummeropera.org.uk\/site\/wp-json\/wp\/v2\/users\/1"}],"replies":[{"embeddable":true,"href":"http:\/\/www.midsummeropera.org.uk\/site\/wp-json\/wp\/v2\/comments?post=23"}],"version-history":[{"count":21,"href":"http:\/\/www.midsummeropera.org.uk\/site\/wp-json\/wp\/v2\/pages\/23\/revisions"}],"predecessor-version":[{"id":643,"href":"http:\/\/www.midsummeropera.org.uk\/site\/wp-json\/wp\/v2\/pages\/23\/revisions\/643"}],"wp:attachment":[{"href":"http:\/\/www.midsummeropera.org.uk\/site\/wp-json\/wp\/v2\/media?parent=23"}],"curies":[{"name":"wp","href":"https:\/\/api.w.org\/{rel}","templated":true}]}}